{"id":169,"date":"2018-11-19T12:27:40","date_gmt":"2018-11-19T12:27:40","guid":{"rendered":"http:\/\/lms.loc\/udemy-affiliate\/?page_id=169"},"modified":"2025-07-04T14:08:13","modified_gmt":"2025-07-04T20:08:13","slug":"contacto","status":"publish","type":"page","link":"https:\/\/enlinea.ibco.mx\/es\/contacto\/","title":{"rendered":"Contacto"},"content":{"rendered":"<div data-elementor-type=\"wp-page\" data-elementor-id=\"169\" class=\"elementor elementor-169\" data-elementor-post-type=\"page\">\n\t\t\t\t\t\t<section class=\"elementor-section elementor-top-section elementor-element elementor-element-250741e elementor-section-stretched elementor-section-boxed elementor-section-height-default elementor-section-height-default\" data-id=\"250741e\" data-element_type=\"section\" data-e-type=\"section\" data-settings=\"{&quot;background_background&quot;:&quot;classic&quot;,&quot;stretch_section&quot;:&quot;section-stretched&quot;}\">\n\t\t\t\t\t\t<div class=\"elementor-container elementor-column-gap-default\">\n\t\t\t\t\t<div class=\"elementor-column elementor-col-50 elementor-top-column elementor-element elementor-element-25079f0 stm_icon_box_responsive\" data-id=\"25079f0\" data-element_type=\"column\" data-e-type=\"column\">\n\t\t\t<div class=\"elementor-widget-wrap elementor-element-populated\">\n\t\t\t\t\t\t<div class=\"elementor-element elementor-element-2507e35 elementor-widget elementor-widget-vc_custom_heading\" data-id=\"2507e35\" data-element_type=\"widget\" data-e-type=\"widget\" data-widget_type=\"vc_custom_heading.default\">\n\t\t\t\t<div class=\"elementor-widget-container\">\n\t\t\t\t\t<div class=\"vc_custom_heading  masterstudy_heading_font  text_align_left\" ><h3 style=\"text-align: left;font-weight:600\" class=\"masterstudy-custom-title\">Informaci\u00f3n de contacto\n<\/h3><\/div>\t\t\t\t<\/div>\n\t\t\t\t<\/div>\n\t\t\t\t<div class=\"elementor-element elementor-element-25081ec elementor-widget elementor-widget-stm_icon_box\" data-id=\"25081ec\" data-element_type=\"widget\" data-e-type=\"widget\" data-widget_type=\"stm_icon_box.default\">\n\t\t\t\t<div class=\"elementor-widget-container\">\n\t\t\t\t\t<style type=\"text\/css\">.module__31f95469984ba59752be9c2130c22d29 {\n    background:#ffffff !important; color:#62686E;\n}\n\n.module__31f95469984ba59752be9c2130c22d29 .icon {\n    width:35px;\n}\n.module__31f95469984ba59752be9c2130c22d29 .icon svg {\n\twidth: 41px;\n\theight: 41px;\n}\n.module__31f95469984ba59752be9c2130c22d29 .icon svg,\n.module__31f95469984ba59752be9c2130c22d29 .icon i {\n    font-size: 41px;\n    color: #D80F1D !important;\n}\n.icon_alignment_top_left .module__31f95469984ba59752be9c2130c22d29 {\n    text-align: left;\n}\n.icon_alignment_top_center .module__31f95469984ba59752be9c2130c22d29 {\n    text-align: center;\n    margin-right: auto;\n    margin-left: auto;\n}\n.icon_alignment_top_right .module__31f95469984ba59752be9c2130c22d29 {\n    text-align: right;\n    margin-right: 0;\n    margin-left: auto;\n}\n<\/style>\n\t<a\t\n\t\thref=\"#\" \n\t\ttitle=\"\"\n\t\t\t>\n\n\t<div class=\"icon_box masterstudy_elementor_icon_box  stm_icon_box_hover_none standart module__31f95469984ba59752be9c2130c22d29 box_align_left clearfix\">\n\t\t<div class=\"icon_alignment_left\">\n\t\t\t\t\t\t\t<div class=\"icon module__31f95469984ba59752be9c2130c22d29\">\n\t\t\t\t\t\t\t\t\t\t\t<i class=\"fa-icon-stm_icon_pin-o\"><\/i>\n\t\t\t\t\t\t\t\t\t<\/div>\n\t\t\t\n\t\t\t<div class=\"icon_text\">\n\t\t\t\t\t\t\t\t\t<h5 style=\"color:#62686E\">\n\t\t\t\t\t\tDirecci\u00f3n:\t\t\t\t\t<\/h5>\n\t\t\t\t\t\t\t\t<p><p><strong>Av. Col\u00f3n 1527, Col. Morelos, Guadalajara, Jalisco, M\u00e9xico, CP 44910<\/strong><\/p><\/p>\t\t\t<\/div>\n\t\t<\/div> <!-- align icons -->\n\t<\/div>\n\n\t<\/a>\n\t\t\t\t<\/div>\n\t\t\t\t<\/div>\n\t\t\t\t<section class=\"elementor-section elementor-top-section elementor-element elementor-element-2508342 elementor-section-boxed elementor-section-height-default elementor-section-height-default\" data-id=\"2508342\" data-element_type=\"section\" data-e-type=\"section\" data-settings=\"{&quot;background_background&quot;:&quot;classic&quot;}\">\n\t\t\t\t\t\t<div class=\"elementor-container elementor-column-gap-no\">\n\t\t\t\t\t<div class=\"elementor-column elementor-col-100 elementor-top-column elementor-element elementor-element-2508766\" data-id=\"2508766\" data-element_type=\"column\" data-e-type=\"column\" data-settings=\"{&quot;background_background&quot;:&quot;classic&quot;}\">\n\t\t\t<div class=\"elementor-widget-wrap elementor-element-populated\">\n\t\t\t\t\t\t<div class=\"elementor-element elementor-element-2508b27 elementor-widget elementor-widget-stm_icon_box\" data-id=\"2508b27\" data-element_type=\"widget\" data-e-type=\"widget\" data-widget_type=\"stm_icon_box.default\">\n\t\t\t\t<div class=\"elementor-widget-container\">\n\t\t\t\t\t<style type=\"text\/css\">.module__237f251d5ac7b8dbfe50f87e1de75726 {\n    background:#ffffff !important; color:#6F7470;\n}\n\n.module__237f251d5ac7b8dbfe50f87e1de75726 .icon {\n    width:35px;\n}\n.module__237f251d5ac7b8dbfe50f87e1de75726 .icon svg {\n\twidth: 50px;\n\theight: 50px;\n}\n.module__237f251d5ac7b8dbfe50f87e1de75726 .icon svg,\n.module__237f251d5ac7b8dbfe50f87e1de75726 .icon i {\n    font-size: 50px;\n    color: #60DF63 !important;\n}\n.icon_alignment_top_left .module__237f251d5ac7b8dbfe50f87e1de75726 {\n    text-align: left;\n}\n.icon_alignment_top_center .module__237f251d5ac7b8dbfe50f87e1de75726 {\n    text-align: center;\n    margin-right: auto;\n    margin-left: auto;\n}\n.icon_alignment_top_right .module__237f251d5ac7b8dbfe50f87e1de75726 {\n    text-align: right;\n    margin-right: 0;\n    margin-left: auto;\n}\n<\/style>\n\t<a\t\n\t\thref=\"#\" \n\t\ttitle=\"\"\n\t\t\t>\n\n\t<div class=\"icon_box masterstudy_elementor_icon_box  stm_icon_box_hover_none dark module__237f251d5ac7b8dbfe50f87e1de75726 box_align_left clearfix\">\n\t\t<div class=\"icon_alignment_left\">\n\t\t\t\t\t\t\t<div class=\"icon module__237f251d5ac7b8dbfe50f87e1de75726\">\n\t\t\t\t\t\t\t\t\t\t\t<i class=\"fab fa-whatsapp-square\"><\/i>\n\t\t\t\t\t\t\t\t\t<\/div>\n\t\t\t\n\t\t\t<div class=\"icon_text\">\n\t\t\t\t\t\t\t\t\t<h5 style=\"color:#6F7470\">\n\t\t\t\t\t\tWhatsApp\t\t\t\t\t<\/h5>\n\t\t\t\t\t\t\t\t<p><p><strong>+52 33 1067 1547<\/strong><\/p><p><strong>+52 33 3958 2398<\/strong><\/p><\/p>\t\t\t<\/div>\n\t\t<\/div> <!-- align icons -->\n\t<\/div>\n\n\t<\/a>\n\t\t\t\t<\/div>\n\t\t\t\t<\/div>\n\t\t\t\t\t<\/div>\n\t\t<\/div>\n\t\t\t\t<div class=\"elementor-column elementor-col-100 elementor-top-column elementor-element elementor-element-2508c93 stm_sm_gutter_back\" data-id=\"2508c93\" data-element_type=\"column\" data-e-type=\"column\" data-settings=\"{&quot;background_background&quot;:&quot;classic&quot;}\">\n\t\t\t<div class=\"elementor-widget-wrap elementor-element-populated\">\n\t\t\t\t\t\t<div class=\"elementor-element elementor-element-2508fe7 elementor-widget elementor-widget-stm_icon_box\" data-id=\"2508fe7\" data-element_type=\"widget\" data-e-type=\"widget\" data-widget_type=\"stm_icon_box.default\">\n\t\t\t\t<div class=\"elementor-widget-container\">\n\t\t\t\t\t<style type=\"text\/css\">.module__69f3443f6f82a248f99f03a12d5da064 {\n    background: !important; color:#858585;\n}\n\n.module__69f3443f6f82a248f99f03a12d5da064 .icon {\n    width:35px; background-color: #FBFBFB;\n}\n.module__69f3443f6f82a248f99f03a12d5da064 .icon svg {\n\twidth: 39px;\n\theight: 39px;\n}\n.module__69f3443f6f82a248f99f03a12d5da064 .icon svg,\n.module__69f3443f6f82a248f99f03a12d5da064 .icon i {\n    font-size: 39px;\n    color: #6E83E4 !important;\n}\n.icon_alignment_top_left .module__69f3443f6f82a248f99f03a12d5da064 {\n    text-align: left;\n}\n.icon_alignment_top_center .module__69f3443f6f82a248f99f03a12d5da064 {\n    text-align: center;\n    margin-right: auto;\n    margin-left: auto;\n}\n.icon_alignment_top_right .module__69f3443f6f82a248f99f03a12d5da064 {\n    text-align: right;\n    margin-right: 0;\n    margin-left: auto;\n}\n<\/style>\n\t<a\t\n\t\thref=\"#\" \n\t\ttitle=\"\"\n\t\t\t>\n\n\t<div class=\"icon_box masterstudy_elementor_icon_box  stm_icon_box_hover_none dark module__69f3443f6f82a248f99f03a12d5da064 box_align_left clearfix\">\n\t\t<div class=\"icon_alignment_left\">\n\t\t\t\t\t\t\t<div class=\"icon module__69f3443f6f82a248f99f03a12d5da064\">\n\t\t\t\t\t\t\t\t\t\t\t<i class=\"fab fa-facebook-f\"><\/i>\n\t\t\t\t\t\t\t\t\t<\/div>\n\t\t\t\n\t\t\t<div class=\"icon_text\">\n\t\t\t\t\t\t\t\t\t<h5 style=\"color:#858585\">\n\t\t\t\t\t\tFacebook:\t\t\t\t\t<\/h5>\n\t\t\t\t\t\t\t\t<p><p><strong><a href=\"https:\/\/www.facebook.com\/ibcooficial\" target=\"_blank\" rel=\"noopener\">IBCO Oficial<\/a><\/strong><\/p><\/p>\t\t\t<\/div>\n\t\t<\/div> <!-- align icons -->\n\t<\/div>\n\n\t<\/a>\n\t\t\t\t<\/div>\n\t\t\t\t<\/div>\n\t\t\t\t\t<\/div>\n\t\t<\/div>\n\t\t\t\t\t<\/div>\n\t\t<\/section>\n\t\t\t\t<section class=\"elementor-section elementor-top-section elementor-element elementor-element-2509128 elementor-section-boxed elementor-section-height-default elementor-section-height-default\" data-id=\"2509128\" data-element_type=\"section\" data-e-type=\"section\" data-settings=\"{&quot;background_background&quot;:&quot;classic&quot;}\">\n\t\t\t\t\t\t<div class=\"elementor-container elementor-column-gap-no\">\n\t\t\t\t\t<div class=\"elementor-column elementor-col-100 elementor-top-column elementor-element elementor-element-25095d9\" data-id=\"25095d9\" data-element_type=\"column\" data-e-type=\"column\" data-settings=\"{&quot;background_background&quot;:&quot;classic&quot;}\">\n\t\t\t<div class=\"elementor-widget-wrap elementor-element-populated\">\n\t\t\t\t\t\t<div class=\"elementor-element elementor-element-25099e6 elementor-widget elementor-widget-stm_icon_box\" data-id=\"25099e6\" data-element_type=\"widget\" data-e-type=\"widget\" data-widget_type=\"stm_icon_box.default\">\n\t\t\t\t<div class=\"elementor-widget-container\">\n\t\t\t\t\t<style type=\"text\/css\">.module__87fb9c3569539dfcd5d42c92da4ac8cb {\n    background:#ffffff !important; color:#555555;\n}\n\n.module__87fb9c3569539dfcd5d42c92da4ac8cb .icon {\n    width:35px;\n}\n.module__87fb9c3569539dfcd5d42c92da4ac8cb .icon svg {\n\twidth: 30px;\n\theight: 30px;\n}\n.module__87fb9c3569539dfcd5d42c92da4ac8cb .icon svg,\n.module__87fb9c3569539dfcd5d42c92da4ac8cb .icon i {\n    font-size: 30px;\n    color: #202296 !important;\n}\n.icon_alignment_top_left .module__87fb9c3569539dfcd5d42c92da4ac8cb {\n    text-align: left;\n}\n.icon_alignment_top_center .module__87fb9c3569539dfcd5d42c92da4ac8cb {\n    text-align: center;\n    margin-right: auto;\n    margin-left: auto;\n}\n.icon_alignment_top_right .module__87fb9c3569539dfcd5d42c92da4ac8cb {\n    text-align: right;\n    margin-right: 0;\n    margin-left: auto;\n}\n<\/style>\n\t<a\t\n\t\thref=\"#\" \n\t\ttitle=\"\"\n\t\t\t>\n\n\t<div class=\"icon_box masterstudy_elementor_icon_box  stm_icon_box_hover_none dark module__87fb9c3569539dfcd5d42c92da4ac8cb box_align_left clearfix\">\n\t\t<div class=\"icon_alignment_left\">\n\t\t\t\t\t\t\t<div class=\"icon module__87fb9c3569539dfcd5d42c92da4ac8cb\">\n\t\t\t\t\t\t\t\t\t\t\t<i class=\"fa-icon-stm_icon_mail-o\"><\/i>\n\t\t\t\t\t\t\t\t\t<\/div>\n\t\t\t\n\t\t\t<div class=\"icon_text\">\n\t\t\t\t\t\t\t\t\t<h5 style=\"color:#555555\">\n\t\t\t\t\t\tCorreo electronico\t\t\t\t\t<\/h5>\n\t\t\t\t\t\t\t\t<p><p><strong><a href=\"mailto:coordinacion@ibco.mx\" target=\"_blank\" rel=\"noopener\">coordinacion<\/a><a href=\"mailto:coordinacion@ibco.mx\" target=\"_blank\" rel=\"noopener\">@ibco.mx<\/a><\/strong><\/p><\/p>\t\t\t<\/div>\n\t\t<\/div> <!-- align icons -->\n\t<\/div>\n\n\t<\/a>\n\t\t\t\t<\/div>\n\t\t\t\t<\/div>\n\t\t\t\t\t<\/div>\n\t\t<\/div>\n\t\t\t\t<div class=\"elementor-column elementor-col-100 elementor-top-column elementor-element elementor-element-2509b26 stm_sm_gutter_back\" data-id=\"2509b26\" data-element_type=\"column\" data-e-type=\"column\" data-settings=\"{&quot;background_background&quot;:&quot;classic&quot;}\">\n\t\t\t<div class=\"elementor-widget-wrap elementor-element-populated\">\n\t\t\t\t\t\t<div class=\"elementor-element elementor-element-2509ecd elementor-widget elementor-widget-stm_icon_box\" data-id=\"2509ecd\" data-element_type=\"widget\" data-e-type=\"widget\" data-widget_type=\"stm_icon_box.default\">\n\t\t\t\t<div class=\"elementor-widget-container\">\n\t\t\t\t\t<style type=\"text\/css\">.module__397d900ffdf2bf7b8d2062568113453d {\n    background:#ffffff !important; color:#555555;\n}\n\n.module__397d900ffdf2bf7b8d2062568113453d .icon {\n    width:35px;\n}\n.module__397d900ffdf2bf7b8d2062568113453d .icon svg {\n\twidth: 43px;\n\theight: 43px;\n}\n.module__397d900ffdf2bf7b8d2062568113453d .icon svg,\n.module__397d900ffdf2bf7b8d2062568113453d .icon i {\n    font-size: 43px;\n    color: #4FA6D0 !important;\n}\n.icon_alignment_top_left .module__397d900ffdf2bf7b8d2062568113453d {\n    text-align: left;\n}\n.icon_alignment_top_center .module__397d900ffdf2bf7b8d2062568113453d {\n    text-align: center;\n    margin-right: auto;\n    margin-left: auto;\n}\n.icon_alignment_top_right .module__397d900ffdf2bf7b8d2062568113453d {\n    text-align: right;\n    margin-right: 0;\n    margin-left: auto;\n}\n<\/style>\n\t<a\t\n\t\thref=\"#\" \n\t\ttitle=\"\"\n\t\t\t>\n\n\t<div class=\"icon_box masterstudy_elementor_icon_box  stm_icon_box_hover_none dark module__397d900ffdf2bf7b8d2062568113453d box_align_left clearfix\">\n\t\t<div class=\"icon_alignment_left\">\n\t\t\t\t\t\t\t<div class=\"icon module__397d900ffdf2bf7b8d2062568113453d\">\n\t\t\t\t\t\t\t\t\t\t\t<i class=\"fa-icon-stm_icon_earth\"><\/i>\n\t\t\t\t\t\t\t\t\t<\/div>\n\t\t\t\n\t\t\t<div class=\"icon_text\">\n\t\t\t\t\t\t\t\t\t<h5 style=\"color:#555555\">\n\t\t\t\t\t\tWeb:\t\t\t\t\t<\/h5>\n\t\t\t\t\t\t\t\t<p><p><strong><a href=\"https:\/\/ibco.mx\">ibco.mx<\/a><\/strong><\/p><\/p>\t\t\t<\/div>\n\t\t<\/div> <!-- align icons -->\n\t<\/div>\n\n\t<\/a>\n\t\t\t\t<\/div>\n\t\t\t\t<\/div>\n\t\t\t\t\t<\/div>\n\t\t<\/div>\n\t\t\t\t\t<\/div>\n\t\t<\/section>\n\t\t\t\t\t<\/div>\n\t\t<\/div>\n\t\t\t\t<div class=\"elementor-column elementor-col-50 elementor-top-column elementor-element elementor-element-250a080\" data-id=\"250a080\" data-element_type=\"column\" data-e-type=\"column\">\n\t\t\t<div class=\"elementor-widget-wrap elementor-element-populated\">\n\t\t\t\t\t\t<div class=\"elementor-element elementor-element-250a84a elementor-widget elementor-widget-vc_custom_heading\" data-id=\"250a84a\" data-element_type=\"widget\" data-e-type=\"widget\" data-widget_type=\"vc_custom_heading.default\">\n\t\t\t\t<div class=\"elementor-widget-container\">\n\t\t\t\t\t<div class=\"vc_custom_heading  masterstudy_heading_font  text_align_left\" ><h3 style=\"text-align: left;font-weight:600\" class=\"masterstudy-custom-title\">D\u00f3nde estamos\n<\/h3><\/div>\t\t\t\t<\/div>\n\t\t\t\t<\/div>\n\t\t\t\t<div class=\"elementor-element elementor-element-250aa85 elementor-widget elementor-widget-google_maps\" data-id=\"250aa85\" data-element_type=\"widget\" data-e-type=\"widget\" data-widget_type=\"google_maps.default\">\n\t\t\t\t<div class=\"elementor-widget-container\">\n\t\t\t\t\t\t\t<div class=\"elementor-custom-embed\">\n\t\t\t<iframe loading=\"lazy\"\n\t\t\t\t\tsrc=\"https:\/\/maps.google.com\/maps?q=Casa%20de%20Oraci%C3%B3n%20M%C3%A9xico&#038;t=m&#038;z=15&#038;output=embed&#038;iwloc=near\"\n\t\t\t\t\ttitle=\"Casa de Oraci\u00f3n M\u00e9xico\"\n\t\t\t\t\taria-label=\"Casa de Oraci\u00f3n M\u00e9xico\"\n\t\t\t><\/iframe>\n\t\t<\/div>\n\t\t\t\t\t\t<\/div>\n\t\t\t\t<\/div>\n\t\t\t\t\t<\/div>\n\t\t<\/div>\n\t\t\t\t\t<\/div>\n\t\t<\/section>\n\t\t\t\t<section class=\"elementor-section elementor-top-section elementor-element elementor-element-250ad88 elementor-section-boxed elementor-section-height-default elementor-section-height-default\" data-id=\"250ad88\" data-element_type=\"section\" data-e-type=\"section\">\n\t\t\t\t\t\t<div class=\"elementor-container elementor-column-gap-default\">\n\t\t\t\t\t<div class=\"elementor-column elementor-col-100 elementor-top-column elementor-element elementor-element-250b171\" data-id=\"250b171\" data-element_type=\"column\" data-e-type=\"column\">\n\t\t\t<div class=\"elementor-widget-wrap elementor-element-populated\">\n\t\t\t\t\t\t<div class=\"elementor-element elementor-element-250b4d3 elementor-widget elementor-widget-stm_multy_separator\" data-id=\"250b4d3\" data-element_type=\"widget\" data-e-type=\"widget\" data-widget_type=\"stm_multy_separator.default\">\n\t\t\t\t<div class=\"elementor-widget-container\">\n\t\t\t\t\t\n<div class=\"multiseparator masterstudy_elementor_multy_separator_\"><\/div>\n\t\t\t\t<\/div>\n\t\t\t\t<\/div>\n\t\t\t\t\t<\/div>\n\t\t<\/div>\n\t\t\t\t\t<\/div>\n\t\t<\/section>\n\t\t\t\t<\/div>","protected":false},"excerpt":{"rendered":"<p>Informaci\u00f3n de contacto Direcci\u00f3n: Av. Col\u00f3n 1527, Col. Morelos, Guadalajara, Jalisco, M\u00e9xico, CP 44910 WhatsApp +52 33 1067 1547 +52 33 3958 2398 Facebook: IBCO Oficial Correo electronico coordinacion@ibco.mx Web: ibco.mx D\u00f3nde estamos<\/p>","protected":false},"author":1,"featured_media":0,"parent":0,"menu_order":0,"comment_status":"closed","ping_status":"closed","template":"","meta":{"rs_blank_template":"","rs_page_bg_color":"","slide_template_v7":"","footnotes":""},"class_list":["post-169","page","type-page","status-publish","hentry"],"_links":{"self":[{"href":"https:\/\/enlinea.ibco.mx\/es\/wp-json\/wp\/v2\/pages\/169","targetHints":{"allow":["GET"]}}],"collection":[{"href":"https:\/\/enlinea.ibco.mx\/es\/wp-json\/wp\/v2\/pages"}],"about":[{"href":"https:\/\/enlinea.ibco.mx\/es\/wp-json\/wp\/v2\/types\/page"}],"author":[{"embeddable":true,"href":"https:\/\/enlinea.ibco.mx\/es\/wp-json\/wp\/v2\/users\/1"}],"replies":[{"embeddable":true,"href":"https:\/\/enlinea.ibco.mx\/es\/wp-json\/wp\/v2\/comments?post=169"}],"version-history":[{"count":64,"href":"https:\/\/enlinea.ibco.mx\/es\/wp-json\/wp\/v2\/pages\/169\/revisions"}],"predecessor-version":[{"id":13885,"href":"https:\/\/enlinea.ibco.mx\/es\/wp-json\/wp\/v2\/pages\/169\/revisions\/13885"}],"wp:attachment":[{"href":"https:\/\/enlinea.ibco.mx\/es\/wp-json\/wp\/v2\/media?parent=169"}],"curies":[{"name":"wp","href":"https:\/\/api.w.org\/{rel}","templated":true}]}}